{"id":1362,"date":"2022-02-24T09:10:58","date_gmt":"2022-02-24T09:10:58","guid":{"rendered":"https:\/\/dev.euroports.fi\/?page_id=1362"},"modified":"2025-10-23T10:59:21","modified_gmt":"2025-10-23T07:59:21","slug":"tietosuojaseloste","status":"publish","type":"page","link":"https:\/\/euroports.fi\/en\/tietosuojaseloste\/","title":{"rendered":"Tietosuojaseloste"},"content":{"rendered":"<div data-elementor-type=\"wp-page\" data-elementor-id=\"1362\" class=\"elementor elementor-1362\" data-elementor-post-type=\"page\">\n\t\t\t\t\t\t<section class=\"elementor-section elementor-top-section elementor-element elementor-element-8bc7e6d elementor-section-boxed elementor-section-height-default elementor-section-height-default\" data-id=\"8bc7e6d\" data-element_type=\"section\" data-e-type=\"section\">\n\t\t\t\t\t\t<div class=\"elementor-container elementor-column-gap-default\">\n\t\t\t\t\t<div class=\"elementor-column elementor-col-100 elementor-top-column elementor-element elementor-element-73ada82\" data-id=\"73ada82\" data-element_type=\"column\" data-e-type=\"column\">\n\t\t\t<div class=\"elementor-widget-wrap elementor-element-populated\">\n\t\t\t\t\t\t<div class=\"elementor-element elementor-element-9dabb2c elementor-widget elementor-widget-spacer\" data-id=\"9dabb2c\" data-element_type=\"widget\" data-e-type=\"widget\" data-widget_type=\"spacer.default\">\n\t\t\t\t<div class=\"elementor-widget-container\">\n\t\t\t\t\t\t\t<div class=\"elementor-spacer\">\n\t\t\t<div class=\"elementor-spacer-inner\"><\/div>\n\t\t<\/div>\n\t\t\t\t\t\t<\/div>\n\t\t\t\t<\/div>\n\t\t\t\t<div class=\"elementor-element elementor-element-4d1f9d9 elementor-widget elementor-widget-text-editor\" data-id=\"4d1f9d9\" data-element_type=\"widget\" data-e-type=\"widget\" data-widget_type=\"text-editor.default\">\n\t\t\t\t<div class=\"elementor-widget-container\">\n\t\t\t\t\t\t\t\t\t<div class=\"contentrow\"><div class=\"contentcell nested nc-zone-17567-content\"><div class=\"contenttable contenttable-zone-17567-content-5\"><div class=\"contentrow\"><div class=\"contentcell nested nc-zone-17568-content\"><div class=\"contenttable contenttable-zone-17568-content-6\"><div class=\"contentrow\"><div id=\"COL_news_udpview_uutiskirjeen-tietosuojaseloste_zone-17568-content\" class=\"zone-17568-content contentzone contentcell\"><div class=\"render_block rb1 vanillaArticle\"><div class=\"render_block_inner\"><div id=\"news_udpview_uutiskirjeen-tietosuojaseloste_zone-17568-content_0\" class=\"articleGroup ag7881c12989919f43252abf7e139fb407\"><div class=\"contentrow\"><div id=\"news_udpview_uutiskirjeen-tietosuojaseloste_zone-17568-content_0_0\" class=\"article_unit\"><div class=\"article_box news_udpview_uutiskirjeen-tietosuojaseloste_zone-17568-content_0_0\"><div class=\"article\"><div class=\"article-inner\"><div class=\"full_story\"><h1>Tietosuojaseloste<\/h1><div class=\"paragraph\">T\u00e4m\u00e4 on Euroports Finland Oy:n EU:n yleisen tietosuoja-asetuksen (GDPR) mukainen tietosuojaseloste.<\/div><h3>\u00a0<\/h3><h3>Rekisterinpit\u00e4j\u00e4 ja rekisterinpit\u00e4j\u00e4n yhteystiedot<\/h3><div class=\"paragraph\">Nimi: Euroports Finland Oy, Y-tunnus: 2134461-1<br \/>Osoite: Hakunintie 23, 26100 Rauma<br \/>Puhelinnumero: <a class=\"tel\" href=\"tel:0444213264\">0444213264<\/a><br \/>S\u00e4hk\u00f6postiosoite: <a class=\"sGuard\" href=\"mailto:tietosuoja@euroports.fi\">tietosuoja@euroports.fi<\/a><\/div><h3>\u00a0<\/h3><h3>Rekisterin nimi<\/h3><div class=\"paragraph\">Euroports Finland Oy:n uutiskirje- ja markkinointirekisteri.<\/div><div>\u00a0<\/div><h3>Henkil\u00f6tietojen k\u00e4sittelyn tarkoitus ja k\u00e4sittelyn oikeusperuste<\/h3><div class=\"paragraph\">Henkil\u00f6tietoja ker\u00e4t\u00e4\u00e4n s\u00e4hk\u00f6postilla tapahtuvan uutiskirjeen ja asiakastiedotteen l\u00e4hett\u00e4miseen, sek\u00e4 postin kautta l\u00e4hetett\u00e4vien mainoskirjeiden ja Euroports Finlandin henkil\u00f6st\u00f6- ja asiakaslehden l\u00e4hett\u00e4mist\u00e4 varten.<br \/>Oikeusperuste henkil\u00f6tietojen k\u00e4sittelylle on tapauskohtaisesti joko henkil\u00f6n suostumus, joka on dokumentoitu palveluntuottajan j\u00e4rjestelm\u00e4\u00e4n tai rekisterinpit\u00e4j\u00e4n oikeutettu etu.<br \/>Tietoja ei k\u00e4ytet\u00e4 automatisoituun p\u00e4\u00e4t\u00f6ksentekoon tai profilointiin.<\/div><div>\u00a0<\/div><h3>Rekisterinpit\u00e4j\u00e4n oikeutetut edut<\/h3><div class=\"paragraph\">Rekisterinpit\u00e4j\u00e4n oikeutettuna etuna on tehd\u00e4 puhelimitse ja s\u00e4hk\u00f6postitse sek\u00e4 muilla s\u00e4hk\u00f6isill\u00e4 v\u00e4lineill\u00e4 tapahtuvaa suoramarkkinointia asiakkaille rekisterinpit\u00e4j\u00e4n tuotteiden ja palveluiden markkinoimiseksi, kuten Laissa s\u00e4hk\u00f6isen viestinn\u00e4n palveluista (2014\/917, 24. luku) on m\u00e4\u00e4ritelty.<\/div><div class=\"paragraph\">L\u00e4het\u00e4mme uutiskirjeit\u00e4 nykyisille asiakkaillemme ja n\u00e4m\u00e4 uutiskirjeet voivat sis\u00e4lt\u00e4\u00e4 tuotteidemme ja palveluidemme markkinointia selv\u00e4sti erottuvalla tavalla. Toteutamme suoramarkkinointia tapauskohtaisesti puhelimitse, s\u00e4hk\u00f6postin tai muiden s\u00e4hk\u00f6isten v\u00e4lineiden sek\u00e4 perinteisen postin avulla.<\/div><div>\u00a0<\/div><h3>Rekisterin tietosis\u00e4lt\u00f6<\/h3><div class=\"paragraph\">Rekisteriin tallennettavia tietoja ovat rekister\u00f6idyn s\u00e4hk\u00f6postiosoite (uutiskirje) sek\u00e4 nimi ja yhteystiedot (mainoskirjeisiin sek\u00e4 Euroports Finlandin henkil\u00f6st\u00f6- ja asiakaslehteen).<\/div><h3>\u00a0<\/h3><h3>Rekisterin tietol\u00e4hteet<\/h3><div class=\"paragraph\">Rekisterin henkil\u00f6tietoja ker\u00e4t\u00e4\u00e4n joko suoraan rekister\u00f6idylt\u00e4 itselt\u00e4\u00e4n asiakaskohtaamisten yhteydess\u00e4, uutiskirjeen kautta tai Euroports Finlandin internet-sivuilla t\u00e4ytett\u00e4vien lomakkeiden avulla. Lis\u00e4ksi rekisteriin vied\u00e4\u00e4n tietoja rekisterinpit\u00e4j\u00e4n toimesta aiemman yhteydenpidon pohjalta, esim. aiempi asiakassuhde, tapaaminen tai muu yhteydenpito. Ker\u00e4\u00e4mme tietoja my\u00f6s julkisista l\u00e4hteist\u00e4, kuten yhteis\u00f6asiakkaan internet-sivuilta. Voimme tapauskohtaisesti hankkia rekister\u00f6ityjen yhteystietoja my\u00f6s rekisterinpit\u00e4j\u00e4n yhteisty\u00f6kumppaneilta, jotka k\u00e4ytt\u00e4v\u00e4t tietol\u00e4htein\u00e4\u00e4n yleisesti saatavilla olevia tietol\u00e4hteit\u00e4.<\/div><h3>\u00a0<\/h3><h3>Henkil\u00f6tietojen vastaanottajat<\/h3><div class=\"paragraph\">Uutiskirjeen ilmoittautumisten hallinnassa ja uutiskirjeiden l\u00e4hetyksess\u00e4 k\u00e4ytet\u00e4\u00e4n palveluntuottajan (my\u00f6hemmin K\u00e4sittelij\u00e4) j\u00e4rjestelm\u00e4\u00e4, joka toimii j\u00e4rjestelm\u00e4n yll\u00e4pit\u00e4j\u00e4n\u00e4.<\/div><div class=\"paragraph\">K\u00e4sittelij\u00e4ll\u00e4 on tekninen p\u00e4\u00e4sy rekisterin sis\u00e4lt\u00e4miin henkil\u00f6tietoihin, mutta K\u00e4sittelij\u00e4ll\u00e4 ei ole oikeutta k\u00e4ytt\u00e4\u00e4 henkil\u00f6tietoja mill\u00e4\u00e4n tavalla hy\u00f6dyksi eik\u00e4 rekisterinpit\u00e4j\u00e4 luovuta tietoihin k\u00e4ytt\u00f6oikeutta. K\u00e4sittelij\u00e4 voi k\u00e4sitell\u00e4 henkil\u00f6tietoja ainoastaan rekisterinpit\u00e4j\u00e4n pyynn\u00f6st\u00e4 esim. ongelmanselvitystilanteissa.<\/div><h3>\u00a0<\/h3><h3>Tietojen siirto EU:n tai ETA:n ulkopuolelle<\/h3><div class=\"paragraph\">Tietoja ei siirret\u00e4 EU:n tai ETA:n ulkopuolelle.<\/div><h3>\u00a0<\/h3><h3>Rekisterin suojauksen periaatteet<\/h3><div class=\"paragraph\">Henkil\u00f6tietoja s\u00e4ilytet\u00e4\u00e4n K\u00e4sittelij\u00e4n Internet-palvelimilla sijaitsevassa uutiskirjeiden hallintaj\u00e4rjestelm\u00e4ss\u00e4. K\u00e4sittelij\u00e4 huolehtii palvelinlaitteiston ja j\u00e4rjestelm\u00e4n fyysisest\u00e4 ja digitaalisesta tietoturvasta asiaankuuluvasti.<\/div><div class=\"paragraph\">Rekisterinpit\u00e4j\u00e4 huolehtii siit\u00e4, ett\u00e4 tallennettuja tietoja sek\u00e4 palvelimien k\u00e4ytt\u00f6oikeuksia ja muita henkil\u00f6tietojen turvallisuuden kannalta kriittisi\u00e4 tietoja k\u00e4sitell\u00e4\u00e4n luottamuksellisesti ja vain niiden ty\u00f6ntekij\u00f6iden toimesta, joiden ty\u00f6nkuvaan se kuuluu.<\/div><h3>\u00a0<\/h3><h3>Henkil\u00f6tietojen s\u00e4ilytysaika<\/h3><div class=\"paragraph\">Henkil\u00f6tietoja s\u00e4ilytet\u00e4\u00e4n markkinointirekisteriss\u00e4 niin kauan, kuin henkil\u00f6 on B2B-kontaktina vaikuttamassa yrityksen \/ organisaation ostop\u00e4\u00e4t\u00f6ksiin tarjoamiimme tuotteisiin ja palveluihin liittyen. T\u00e4m\u00e4n j\u00e4lkeen h\u00e4nen tietonsa poistetaan tai anonymisoidaan. Mik\u00e4li henkil\u00f6 vastustaa tietojensa k\u00e4ytt\u00f6\u00e4 suoramarkkinointiin, tiedot poistetaan tai anonymisoidaan.<\/div><div class=\"paragraph\">Suostumukseen perustuvassa k\u00e4sittelyss\u00e4 henkil\u00f6tietoja s\u00e4ilytet\u00e4\u00e4n niin kauan, kuin rekister\u00f6idyn antama suostumus on voimassa. Mik\u00e4li rekister\u00f6ity peruuttaa suostumuksensa, h\u00e4nen tietonsa poistetaan.<br \/>Rekisterinpit\u00e4j\u00e4ll\u00e4 on kuitenkin oikeus s\u00e4ilytt\u00e4\u00e4 henkil\u00f6n s\u00e4hk\u00f6postiosoite ns. markkinoinnin kieltolistalla, jotta henkil\u00f6lle ei en\u00e4\u00e4 kohdisteta markkinointitoimenpiteit\u00e4.<br \/>Uutis- ja asiakaskirjeen sek\u00e4 mainoskirjeiden ja -lehden rekister\u00f6ityjen tiedot p\u00e4ivitet\u00e4\u00e4n tarvittaessa. Asiakasrekisterin perustetta ja k\u00e4sittelyn tarvetta arvioidaan v\u00e4hint\u00e4\u00e4n viiden vuoden v\u00e4lein.<\/div><h3>\u00a0<\/h3><h3>Rekister\u00f6idyn oikeudet<\/h3><div class=\"paragraph\">\u2022 Rekister\u00f6idyll\u00e4 on oikeus saada p\u00e4\u00e4sy h\u00e4nt\u00e4 koskeviin henkil\u00f6tietoihin t\u00e4ss\u00e4 rekisteriss\u00e4, mik\u00e4li oikeuksia pyyt\u00e4v\u00e4 henkil\u00f6 pystyt\u00e4\u00e4n luotettavasti tunnistamaan rekister\u00f6idyksi. T\u00e4t\u00e4 oikeutta k\u00e4ytt\u00e4v\u00e4n rekister\u00f6idyn pyynn\u00f6st\u00e4 rekisterinpit\u00e4j\u00e4 toimittaa rekister\u00f6idylle otteen niist\u00e4 henkil\u00f6tiedoista, joita rekisteriss\u00e4 on. Tiedot toimitetaan ensisijaisesti s\u00e4hk\u00f6isesti.<br \/>\u2022 Rekister\u00f6idyll\u00e4 on oikeus pyyt\u00e4\u00e4 omien henkil\u00f6tietojensa oikaisua, mik\u00e4li niiss\u00e4 on virheellisi\u00e4, ep\u00e4tarkkoja tai vanhentuneita tietoja.<br \/>\u2022 Rekister\u00f6idyll\u00e4 on oikeus vastustaa henkil\u00f6tietojensa k\u00e4sittely\u00e4 esim. suoramarkkinointia varten.<br \/>\u2022 Rekister\u00f6idyll\u00e4 on oikeus peruuttaa suostumus henkil\u00f6tietojensa k\u00e4sittelyyn, mik\u00e4li suostumus on pyydetty, kun tietoja on ker\u00e4tty rekister\u00f6idylt\u00e4 itselt\u00e4\u00e4n.<br \/>\u2022 Rekister\u00f6idyll\u00e4 on oikeus saada henkil\u00f6tietonsa poistettua (\u201doikeus tulla unohdetuksi\u201d). Henkil\u00f6tiedot poistetaan, kun<br \/>&#8211; Henkil\u00f6tietojen k\u00e4sittelylle ei ole en\u00e4\u00e4 tarvetta.<br \/>&#8211; Rekister\u00f6ity peruuttaa suostumuksensa (mik\u00e4li suostumus on pyydetty ja k\u00e4sittely perustuu suostumukseen).<br \/>&#8211; Henkil\u00f6tietoja on k\u00e4sitelty lainvastaisesti.<br \/>&#8211; Rekister\u00f6ity vastustaa henkil\u00f6tietojensa k\u00e4sittely\u00e4 suoramarkkinointia tai muuta oikeutettuun etuun perustuvaa k\u00e4sittely\u00e4 varten.<br \/>&#8211; Rekister\u00f6idyll\u00e4 on oikeus henkil\u00f6tietojensa k\u00e4sittelyn rajoittamiseen, mik\u00e4li<br \/>o Rekister\u00f6ity kiist\u00e4\u00e4 henkil\u00f6tietojen paikkansapit\u00e4vyyden, jolloin k\u00e4sittely\u00e4 rajoitetaan ajaksi, jonka kuluessa rekisterinpit\u00e4j\u00e4 voi varmistaa niiden paikkansapit\u00e4vyyden.<br \/>o K\u00e4sittely on lainvastaista ja rekister\u00f6ity vastustaa henkil\u00f6tietojen poistamista ja vaatii sen sijaan niiden k\u00e4yt\u00f6n rajoittamista.<br \/>o Rekisterinpit\u00e4j\u00e4 ei en\u00e4\u00e4 tarvitse kyseisi\u00e4 henkil\u00f6tietoja k\u00e4sittelyn tarkoituksiin, mutta rekister\u00f6ity tarvitsee niit\u00e4 oikeudellisen vaateen laatimiseksi, esitt\u00e4miseksi tai puolustamiseksi.<br \/>&#8211; Rekister\u00f6idyll\u00e4 on oikeus saada h\u00e4nt\u00e4 koskevat henkil\u00f6tiedot, jotka h\u00e4n on toimittanut rekisterinpit\u00e4j\u00e4lle ja oikeus siirt\u00e4\u00e4 kyseiset tiedot toiselle rekisterinpit\u00e4j\u00e4lle. T\u00e4t\u00e4 oikeutta voidaan k\u00e4ytt\u00e4\u00e4 niihin henkil\u00f6tietoihin, jotka rekister\u00f6ity on itse toimittanut rekisterinpit\u00e4j\u00e4lle, joiden k\u00e4sittely perustuu suostumukseen tai sopimukseen sek\u00e4 niiden k\u00e4sittely suoritetaan automaattisesti. Tiedot toimitetaan j\u00e4sennellyss\u00e4, yleisesti k\u00e4ytetyss\u00e4 ja koneellisesti luettavassa muodossa (l\u00e4ht\u00f6kohtaisesti CSV-tiedosto).<\/div><div class=\"paragraph\">Rekister\u00f6ity voi k\u00e4ytt\u00e4\u00e4 yll\u00e4 mainittuja oikeuksiaan ottamalla yhteytt\u00e4 t\u00e4st\u00e4 rekisterist\u00e4 vastaavaan yhteyshenkil\u00f6\u00f6n.<br \/>Rekister\u00f6idyll\u00e4 on lis\u00e4ksi oikeus tehd\u00e4 valitus valvontaviranomaiselle.<\/div><div class=\"paragraph\">T\u00e4m\u00e4 tietosuojaseloste on p\u00e4ivitetty viimeksi 25.7.2018.<\/div><\/div><\/div><\/div><\/div><\/div><\/div><\/div><\/div><\/div><\/div><\/div><\/div><\/div><\/div><\/div><\/div><\/div>\t\t\t\t\t\t\t\t<\/div>\n\t\t\t\t<\/div>\n\t\t\t\t<div class=\"elementor-element elementor-element-6954c9a elementor-widget elementor-widget-spacer\" data-id=\"6954c9a\" data-element_type=\"widget\" data-e-type=\"widget\" data-widget_type=\"spacer.default\">\n\t\t\t\t<div class=\"elementor-widget-container\">\n\t\t\t\t\t\t\t<div class=\"elementor-spacer\">\n\t\t\t<div class=\"elementor-spacer-inner\"><\/div>\n\t\t<\/div>\n\t\t\t\t\t\t<\/div>\n\t\t\t\t<\/div>\n\t\t\t\t\t<\/div>\n\t\t<\/div>\n\t\t\t\t\t<\/div>\n\t\t<\/section>\n\t\t\t\t<\/div>","protected":false},"excerpt":{"rendered":"<p>Tietosuojaseloste T\u00e4m\u00e4 on Euroports Finland Oy:n EU:n yleisen tietosuoja-asetuksen (GDPR) mukainen tietosuojaseloste. \u00a0 Rekisterinpit\u00e4j\u00e4 ja rekisterinpit\u00e4j\u00e4n yhteystiedot Nimi: Euroports Finland Oy, Y-tunnus: 2134461-1Osoite: Hakunintie 23, 26100 RaumaPuhelinnumero: 0444213264S\u00e4hk\u00f6postiosoite: tietosuoja@euroports.fi \u00a0 Rekisterin nimi Euroports Finland Oy:n uutiskirje- ja markkinointirekisteri.\u00a0 Henkil\u00f6tietojen k\u00e4sittelyn tarkoitus ja k\u00e4sittelyn oikeusperuste Henkil\u00f6tietoja ker\u00e4t\u00e4\u00e4n s\u00e4hk\u00f6postilla tapahtuvan uutiskirjeen ja asiakastiedotteen l\u00e4hett\u00e4miseen, sek\u00e4 postin kautta [&hellip;]<\/p>\n","protected":false},"author":1,"featured_media":0,"parent":0,"menu_order":0,"comment_status":"closed","ping_status":"closed","template":"","meta":{"_acf_changed":false,"footnotes":""},"class_list":["post-1362","page","type-page","status-publish","hentry"],"acf":[],"yoast_head":"<!-- This site is optimized with the Yoast SEO plugin v27.5 - https:\/\/yoast.com\/product\/yoast-seo-wordpress\/ -->\n<title>Tietosuojaseloste - Euroports Finland<\/title>\n<meta name=\"description\" content=\"Euroports Finland Oy:n EU:n yleisen tietosuoja-asetuksen (GDPR) mukainen tietosuojaseloste.\" \/>\n<meta name=\"robots\" content=\"index, follow, max-snippet:-1, max-image-preview:large, max-video-preview:-1\" \/>\n<link rel=\"canonical\" href=\"https:\/\/euroports.fi\/en\/tietosuojaseloste\/\" \/>\n<meta property=\"og:locale\" content=\"en_US\" \/>\n<meta property=\"og:type\" content=\"article\" \/>\n<meta property=\"og:title\" content=\"Tietosuojaseloste - Euroports Finland\" \/>\n<meta property=\"og:description\" content=\"Euroports Finland Oy:n EU:n yleisen tietosuoja-asetuksen (GDPR) mukainen tietosuojaseloste.\" \/>\n<meta property=\"og:url\" content=\"https:\/\/euroports.fi\/en\/tietosuojaseloste\/\" \/>\n<meta property=\"og:site_name\" content=\"Euroports Finland\" \/>\n<meta property=\"article:modified_time\" content=\"2025-10-23T07:59:21+00:00\" \/>\n<meta property=\"og:image\" content=\"https:\/\/euroports.fi\/wp-content\/uploads\/2025\/03\/DJI_0662-1.jpg\" \/>\n\t<meta property=\"og:image:width\" content=\"1920\" \/>\n\t<meta property=\"og:image:height\" content=\"1460\" \/>\n\t<meta property=\"og:image:type\" content=\"image\/jpeg\" \/>\n<meta name=\"twitter:card\" content=\"summary_large_image\" \/>\n<meta name=\"twitter:label1\" content=\"Est. reading time\" \/>\n\t<meta name=\"twitter:data1\" content=\"4 minutes\" \/>\n<script type=\"application\/ld+json\" class=\"yoast-schema-graph\">{\"@context\":\"https:\\\/\\\/schema.org\",\"@graph\":[{\"@type\":\"WebPage\",\"@id\":\"https:\\\/\\\/euroports.fi\\\/tietosuojaseloste\\\/\",\"url\":\"https:\\\/\\\/euroports.fi\\\/tietosuojaseloste\\\/\",\"name\":\"Tietosuojaseloste - Euroports Finland\",\"isPartOf\":{\"@id\":\"https:\\\/\\\/euroports.fi\\\/en\\\/#website\"},\"datePublished\":\"2022-02-24T09:10:58+00:00\",\"dateModified\":\"2025-10-23T07:59:21+00:00\",\"description\":\"Euroports Finland Oy:n EU:n yleisen tietosuoja-asetuksen (GDPR) mukainen tietosuojaseloste.\",\"breadcrumb\":{\"@id\":\"https:\\\/\\\/euroports.fi\\\/tietosuojaseloste\\\/#breadcrumb\"},\"inLanguage\":\"en-US\",\"potentialAction\":[{\"@type\":\"ReadAction\",\"target\":[\"https:\\\/\\\/euroports.fi\\\/tietosuojaseloste\\\/\"]}]},{\"@type\":\"BreadcrumbList\",\"@id\":\"https:\\\/\\\/euroports.fi\\\/tietosuojaseloste\\\/#breadcrumb\",\"itemListElement\":[{\"@type\":\"ListItem\",\"position\":1,\"name\":\"Home\",\"item\":\"https:\\\/\\\/euroports.fi\\\/\"},{\"@type\":\"ListItem\",\"position\":2,\"name\":\"Tietosuojaseloste\"}]},{\"@type\":\"WebSite\",\"@id\":\"https:\\\/\\\/euroports.fi\\\/en\\\/#website\",\"url\":\"https:\\\/\\\/euroports.fi\\\/en\\\/\",\"name\":\"Euroports Finland\",\"description\":\"T\u00e4yden palvelun satamaoperaattori.\",\"publisher\":{\"@id\":\"https:\\\/\\\/euroports.fi\\\/en\\\/#organization\"},\"potentialAction\":[{\"@type\":\"SearchAction\",\"target\":{\"@type\":\"EntryPoint\",\"urlTemplate\":\"https:\\\/\\\/euroports.fi\\\/en\\\/?s={search_term_string}\"},\"query-input\":{\"@type\":\"PropertyValueSpecification\",\"valueRequired\":true,\"valueName\":\"search_term_string\"}}],\"inLanguage\":\"en-US\"},{\"@type\":\"Organization\",\"@id\":\"https:\\\/\\\/euroports.fi\\\/en\\\/#organization\",\"name\":\"Euroports Finland\",\"url\":\"https:\\\/\\\/euroports.fi\\\/en\\\/\",\"logo\":{\"@type\":\"ImageObject\",\"inLanguage\":\"en-US\",\"@id\":\"https:\\\/\\\/euroports.fi\\\/en\\\/#\\\/schema\\\/logo\\\/image\\\/\",\"url\":\"https:\\\/\\\/euroports.fi\\\/wp-content\\\/uploads\\\/2022\\\/01\\\/cropped-euroports_logo.png\",\"contentUrl\":\"https:\\\/\\\/euroports.fi\\\/wp-content\\\/uploads\\\/2022\\\/01\\\/cropped-euroports_logo.png\",\"width\":350,\"height\":100,\"caption\":\"Euroports Finland\"},\"image\":{\"@id\":\"https:\\\/\\\/euroports.fi\\\/en\\\/#\\\/schema\\\/logo\\\/image\\\/\"}}]}<\/script>\n<!-- \/ Yoast SEO plugin. -->","yoast_head_json":{"title":"Tietosuojaseloste - Euroports Finland","description":"Euroports Finland Oy:n EU:n yleisen tietosuoja-asetuksen (GDPR) mukainen tietosuojaseloste.","robots":{"index":"index","follow":"follow","max-snippet":"max-snippet:-1","max-image-preview":"max-image-preview:large","max-video-preview":"max-video-preview:-1"},"canonical":"https:\/\/euroports.fi\/en\/tietosuojaseloste\/","og_locale":"en_US","og_type":"article","og_title":"Tietosuojaseloste - Euroports Finland","og_description":"Euroports Finland Oy:n EU:n yleisen tietosuoja-asetuksen (GDPR) mukainen tietosuojaseloste.","og_url":"https:\/\/euroports.fi\/en\/tietosuojaseloste\/","og_site_name":"Euroports Finland","article_modified_time":"2025-10-23T07:59:21+00:00","og_image":[{"width":1920,"height":1460,"url":"https:\/\/euroports.fi\/wp-content\/uploads\/2025\/03\/DJI_0662-1.jpg","type":"image\/jpeg"}],"twitter_card":"summary_large_image","twitter_misc":{"Est. reading time":"4 minutes"},"schema":{"@context":"https:\/\/schema.org","@graph":[{"@type":"WebPage","@id":"https:\/\/euroports.fi\/tietosuojaseloste\/","url":"https:\/\/euroports.fi\/tietosuojaseloste\/","name":"Tietosuojaseloste - Euroports Finland","isPartOf":{"@id":"https:\/\/euroports.fi\/en\/#website"},"datePublished":"2022-02-24T09:10:58+00:00","dateModified":"2025-10-23T07:59:21+00:00","description":"Euroports Finland Oy:n EU:n yleisen tietosuoja-asetuksen (GDPR) mukainen tietosuojaseloste.","breadcrumb":{"@id":"https:\/\/euroports.fi\/tietosuojaseloste\/#breadcrumb"},"inLanguage":"en-US","potentialAction":[{"@type":"ReadAction","target":["https:\/\/euroports.fi\/tietosuojaseloste\/"]}]},{"@type":"BreadcrumbList","@id":"https:\/\/euroports.fi\/tietosuojaseloste\/#breadcrumb","itemListElement":[{"@type":"ListItem","position":1,"name":"Home","item":"https:\/\/euroports.fi\/"},{"@type":"ListItem","position":2,"name":"Tietosuojaseloste"}]},{"@type":"WebSite","@id":"https:\/\/euroports.fi\/en\/#website","url":"https:\/\/euroports.fi\/en\/","name":"Euroports Finland","description":"T\u00e4yden palvelun satamaoperaattori.","publisher":{"@id":"https:\/\/euroports.fi\/en\/#organization"},"potentialAction":[{"@type":"SearchAction","target":{"@type":"EntryPoint","urlTemplate":"https:\/\/euroports.fi\/en\/?s={search_term_string}"},"query-input":{"@type":"PropertyValueSpecification","valueRequired":true,"valueName":"search_term_string"}}],"inLanguage":"en-US"},{"@type":"Organization","@id":"https:\/\/euroports.fi\/en\/#organization","name":"Euroports Finland","url":"https:\/\/euroports.fi\/en\/","logo":{"@type":"ImageObject","inLanguage":"en-US","@id":"https:\/\/euroports.fi\/en\/#\/schema\/logo\/image\/","url":"https:\/\/euroports.fi\/wp-content\/uploads\/2022\/01\/cropped-euroports_logo.png","contentUrl":"https:\/\/euroports.fi\/wp-content\/uploads\/2022\/01\/cropped-euroports_logo.png","width":350,"height":100,"caption":"Euroports Finland"},"image":{"@id":"https:\/\/euroports.fi\/en\/#\/schema\/logo\/image\/"}}]}},"_links":{"self":[{"href":"https:\/\/euroports.fi\/en\/wp-json\/wp\/v2\/pages\/1362","targetHints":{"allow":["GET"]}}],"collection":[{"href":"https:\/\/euroports.fi\/en\/wp-json\/wp\/v2\/pages"}],"about":[{"href":"https:\/\/euroports.fi\/en\/wp-json\/wp\/v2\/types\/page"}],"author":[{"embeddable":true,"href":"https:\/\/euroports.fi\/en\/wp-json\/wp\/v2\/users\/1"}],"replies":[{"embeddable":true,"href":"https:\/\/euroports.fi\/en\/wp-json\/wp\/v2\/comments?post=1362"}],"version-history":[{"count":4,"href":"https:\/\/euroports.fi\/en\/wp-json\/wp\/v2\/pages\/1362\/revisions"}],"predecessor-version":[{"id":1367,"href":"https:\/\/euroports.fi\/en\/wp-json\/wp\/v2\/pages\/1362\/revisions\/1367"}],"wp:attachment":[{"href":"https:\/\/euroports.fi\/en\/wp-json\/wp\/v2\/media?parent=1362"}],"curies":[{"name":"wp","href":"https:\/\/api.w.org\/{rel}","templated":true}]}}